{"id":12200,"date":"2023-10-26T10:41:47","date_gmt":"2023-10-26T08:41:47","guid":{"rendered":"https:\/\/www.schuleimerlich.de\/blog\/?page_id=12200"},"modified":"2025-09-02T11:41:36","modified_gmt":"2025-09-02T09:41:36","slug":"freiwilliges-10-schuljahr","status":"publish","type":"page","link":"https:\/\/www.schuleimerlich.de\/?page_id=12200","title":{"rendered":"Freiwilliges 10. Schuljahr"},"content":{"rendered":"\n<p><strong>Nach der 9. Klasse<\/strong> erwerben unsere Sch\u00fclerInnen den Abschluss der <strong>besonderen Form der Berufsreife<\/strong> (F\u00f6rderschwerpunkt Lernen). Danach ist ein \u00dcbergang in eine Berufsausbildung oder ins Berufsvorbereitungsjahr an der Berufsschule (BVJ) m\u00f6glich.<\/p>\n\n\n\n<p>Mit einem guten F\u00f6rderschulabschluss ist es an unserer F\u00f6rderschule au\u00dferdem m\u00f6glich, das f<strong>reiwillige 10. Schuljahr <\/strong>zu besuchen und nach erfolgreichem Abschluss die <strong>Berufsreife <\/strong>zu erlangen. Hierf\u00fcr kommen Sch\u00fclerInnen aus den umliegenden F\u00f6rderschulen sowie einige AbsolventInnen aus der Schule im Erlich nach der 9. Klasse zusammen. Sie erarbeiten die Inhalte des Berufsreifejahrgangs und absolvieren au\u00dferdem einen Praxistag. Hierbei arbeiten sie das ganze Schuljahr \u00fcber einen Tag in der Woche in einem Betrieb. Die Vorbereitung, Betreuung und den Arbeitslehreunterricht gestalten die OberstufenlehrerInnen der Schule im Erlich.<\/p>\n\n\n\n<p>Mit dem Abschluss der Berufsreife nach dem erfolgreichen Besuch des freiwilligen zehnten Schuljahres besteht die M\u00f6glichkeit zum Besuch der Berufsfachschule I (und sp\u00e4ter II, um einen Realschulabschluss zu erlangen).<\/p>\n\n\n\n<figure class=\"wp-block-gallery has-nested-images columns-default is-cropped wp-block-gallery-1 is-layout-flex wp-block-gallery-is-layout-flex\">\n<figure class=\"wp-block-image size-large\"><img decoding=\"async\" width=\"1024\" height=\"684\" data-id=\"13846\" src=\"https:\/\/mlhkytgxk8k3.i.optimole.com\/w:1024\/h:684\/q:mauto\/f:best\/https:\/\/www.schuleimerlich.de\/wp-content\/uploads\/2025\/09\/unnamed.jpg\" alt=\"\" class=\"wp-image-13846\"\/><\/figure>\n<\/figure>\n","protected":false},"excerpt":{"rendered":"<p>Nach der 9. Klasse erwerben unsere Sch\u00fclerInnen den Abschluss der besonderen Form der Berufsreife (F\u00f6rderschwerpunkt Lernen). Danach ist ein \u00dcbergang in eine Berufsausbildung oder ins Berufsvorbereitungsjahr an der Berufsschule (BVJ) m\u00f6glich. Mit einem guten F\u00f6rderschulabschluss ist es an unserer F\u00f6rderschule au\u00dferdem m\u00f6glich, das freiwillige 10. Schuljahr zu besuchen und nach erfolgreichem Abschluss die Berufsreife zu&#8230;<\/p>\n","protected":false},"author":4,"featured_media":0,"parent":0,"menu_order":0,"comment_status":"closed","ping_status":"closed","template":"","meta":{"footnotes":""},"class_list":["post-12200","page","type-page","status-publish","hentry"],"jetpack_sharing_enabled":true,"_links":{"self":[{"href":"https:\/\/www.schuleimerlich.de\/index.php?rest_route=\/wp\/v2\/pages\/12200","targetHints":{"allow":["GET"]}}],"collection":[{"href":"https:\/\/www.schuleimerlich.de\/index.php?rest_route=\/wp\/v2\/pages"}],"about":[{"href":"https:\/\/www.schuleimerlich.de\/index.php?rest_route=\/wp\/v2\/types\/page"}],"author":[{"embeddable":true,"href":"https:\/\/www.schuleimerlich.de\/index.php?rest_route=\/wp\/v2\/users\/4"}],"replies":[{"embeddable":true,"href":"https:\/\/www.schuleimerlich.de\/index.php?rest_route=%2Fwp%2Fv2%2Fcomments&post=12200"}],"version-history":[{"count":3,"href":"https:\/\/www.schuleimerlich.de\/index.php?rest_route=\/wp\/v2\/pages\/12200\/revisions"}],"predecessor-version":[{"id":13847,"href":"https:\/\/www.schuleimerlich.de\/index.php?rest_route=\/wp\/v2\/pages\/12200\/revisions\/13847"}],"wp:attachment":[{"href":"https:\/\/www.schuleimerlich.de\/index.php?rest_route=%2Fwp%2Fv2%2Fmedia&parent=12200"}],"curies":[{"name":"wp","href":"https:\/\/api.w.org\/{rel}","templated":true}]}}