{"id":12220,"date":"2023-10-26T11:12:49","date_gmt":"2023-10-26T09:12:49","guid":{"rendered":"https:\/\/www.schuleimerlich.de\/blog\/?page_id=12220"},"modified":"2026-04-29T14:18:06","modified_gmt":"2026-04-29T12:18:06","slug":"termine","status":"publish","type":"page","link":"https:\/\/www.schuleimerlich.de\/?page_id=12220","title":{"rendered":"F\u00f6rder- und Beratungszentrum"},"content":{"rendered":"\n<p><strong>Ab 01.02.2026 ist es soweit: die Schule im Erlich wird ein F\u00f6rder-und Beratungszentrum (FBZ)<\/strong><\/p>\n\n\n\n<p>Unsere F\u00f6rderschule \u00fcbernimmt traditionell die Aufgabe, die Grundschulen in Speyer sowie im Umland zu beraten. Bis zum Ende des 1. Halbjahres des laufenden Schuljahres geschieht dies im Rahmen der sogenannten Integrativen F\u00f6rderung (If\u00f6). In diesem Modell sind F\u00f6rderlehrkr\u00e4fte mit einem festgelegten Stundenkontingent bestimmten Grundschulen zugeordnet. Sie unterst\u00fctzen dort Lehrkr\u00e4fte,beraten Eltern und f\u00f6rdern Sch\u00fclerinnen und Sch\u00fcler direkt vor Ort:<\/p>\n\n\n\n<p>Mit der Entwicklung des neuen F\u00f6rder- und Beratungszentrums (FBZ) wird dieses Vorgehen angepasst:<\/p>\n\n\n\n<p>&#8211; F\u00f6rderlehrkr\u00e4fte sind k\u00fcnftig nicht mehr fest einer Schule zugeordnet.<\/p>\n\n\n\n<p>&#8211; Stattdessen k\u00f6nnen alle Schulen des zust\u00e4ndigen Bezirks bei Bedarf Unterst\u00fctzung anfordern.<\/p>\n\n\n\n<p>&#8211; Voraussetzung hierf\u00fcr ist eine formale Meldung mit einer klaren Beschreibung des Beratungsanliegens.<\/p>\n\n\n\n<p>&#8211; Die zust\u00e4ndige F\u00f6rderlehrkraft besucht daraufhin die Schule f\u00fcr den erforderlichen Zeitraum, bis die Beratung abgeschlossen ist.<\/p>\n\n\n\n<p>&#8211; Der gesamte Beratungsprozess wird sorgf\u00e4ltig dokumentiert; auch Folgeberatungen sind m\u00f6glich.<\/p>\n\n\n\n<p>Um die Schulen umfassend \u00fcber diese Neuerungen zu informieren, erstellen wir eine Pr\u00e4sentation. Diese wird im Rahmen von Konferenzen an den betroffenen Schulen vorgestellt und erl\u00e4utert das neue Verfahren anschaulich.<\/p>\n\n\n\n<p>Dar\u00fcber hinaus erstreckt sich das Beratungsangebot des FBZ nicht nur auf Schulen: Sobald ein Kind im Kindergartenalter zur Schulanmeldung vorgestellt wurde, k\u00f6nnen auch Kindertagesst\u00e4tten \u00fcber die zust\u00e4ndige Grundschule eine f\u00f6rderp\u00e4dagogische Beratung in Anspruch nehmen.<\/p>\n\n\n\n<p>Die Entwicklung des FBZ erfolgt in enger Zusammenarbeit zwischen Schulleitung und F\u00f6rderschullehrkr\u00e4ften.<\/p>\n\n\n\n<p>Beteiligt sind aktuell: Frau Langguth, Frau Lehming, Frau Levens, Frau Tuma, Herr Roth<\/p>\n\n\n\n<p><strong>\u00dcber folgende E-Mailadresse k\u00f6nnen Sie Kontakt zu uns aufnehmen: <a href=\"mailto:fbz@schuleimerlich.de\">fbz@schuleimerlich.de<\/a><\/strong><\/p>\n\n\n\n<p><strong>\u00dcber folgenden Link k\u00f6nnen Sie den Meldebogen downloaden:<\/strong><\/p>\n\n\n\n<div class=\"wp-block-file\"><a id=\"wp-block-file--media-57a71857-bcf5-4768-a5d8-14cce371da72\" href=\"https:\/\/www.schuleimerlich.de\/wp-content\/uploads\/2026\/04\/FBZ-Speyer-Meldebogen-SchuelerInnen.docx\">FBZ Speyer Meldebogen Sch\u00fclerInnen<\/a><a href=\"https:\/\/www.schuleimerlich.de\/wp-content\/uploads\/2026\/04\/FBZ-Speyer-Meldebogen-SchuelerInnen.docx\" class=\"wp-block-file__button wp-element-button\" download aria-describedby=\"wp-block-file--media-57a71857-bcf5-4768-a5d8-14cce371da72\">Herunterladen<\/a><\/div>\n\n\n\n<p><strong>Pr\u00e4sentation &#8211; Vorstellung FBZ Speyer<\/strong> : <\/p>\n\n\n\n<div class=\"wp-block-file\"><a id=\"wp-block-file--media-68faa7d1-d6e8-4ee7-8762-94b1804cd104\" href=\"https:\/\/www.schuleimerlich.de\/wp-content\/uploads\/2025\/10\/PPP-FBZ-Speyer-1.pptx\">PPP FBZ Speyer<\/a><a href=\"https:\/\/www.schuleimerlich.de\/wp-content\/uploads\/2025\/10\/PPP-FBZ-Speyer-1.pptx\" class=\"wp-block-file__button wp-element-button\" download aria-describedby=\"wp-block-file--media-68faa7d1-d6e8-4ee7-8762-94b1804cd104\">Herunterladen<\/a><\/div>\n\n\n<div class=\"wp-block-image\">\n<figure class=\"aligncenter size-full is-resized\"><img decoding=\"async\" width=\"2559\" height=\"2082\" src=\"https:\/\/mlhkytgxk8k3.i.optimole.com\/w:auto\/h:auto\/q:mauto\/f:best\/https:\/\/www.schuleimerlich.de\/wp-content\/uploads\/2025\/10\/IMG_3203-2.jpg\" alt=\"\" class=\"wp-image-14001\" style=\"width:467px;height:auto\"\/><\/figure>\n<\/div>","protected":false},"excerpt":{"rendered":"<p>Ab 01.02.2026 ist es soweit: die Schule im Erlich wird ein F\u00f6rder-und Beratungszentrum (FBZ) Unsere F\u00f6rderschule \u00fcbernimmt traditionell die Aufgabe, die Grundschulen in Speyer sowie im Umland zu beraten. Bis zum Ende des 1. Halbjahres des laufenden Schuljahres geschieht dies im Rahmen der sogenannten Integrativen F\u00f6rderung (If\u00f6). In diesem Modell sind F\u00f6rderlehrkr\u00e4fte mit einem festgelegten&#8230;<\/p>\n","protected":false},"author":4,"featured_media":0,"parent":0,"menu_order":0,"comment_status":"closed","ping_status":"closed","template":"","meta":{"footnotes":""},"class_list":["post-12220","page","type-page","status-publish","hentry"],"jetpack_sharing_enabled":true,"_links":{"self":[{"href":"https:\/\/www.schuleimerlich.de\/index.php?rest_route=\/wp\/v2\/pages\/12220","targetHints":{"allow":["GET"]}}],"collection":[{"href":"https:\/\/www.schuleimerlich.de\/index.php?rest_route=\/wp\/v2\/pages"}],"about":[{"href":"https:\/\/www.schuleimerlich.de\/index.php?rest_route=\/wp\/v2\/types\/page"}],"author":[{"embeddable":true,"href":"https:\/\/www.schuleimerlich.de\/index.php?rest_route=\/wp\/v2\/users\/4"}],"replies":[{"embeddable":true,"href":"https:\/\/www.schuleimerlich.de\/index.php?rest_route=%2Fwp%2Fv2%2Fcomments&post=12220"}],"version-history":[{"count":25,"href":"https:\/\/www.schuleimerlich.de\/index.php?rest_route=\/wp\/v2\/pages\/12220\/revisions"}],"predecessor-version":[{"id":14526,"href":"https:\/\/www.schuleimerlich.de\/index.php?rest_route=\/wp\/v2\/pages\/12220\/revisions\/14526"}],"wp:attachment":[{"href":"https:\/\/www.schuleimerlich.de\/index.php?rest_route=%2Fwp%2Fv2%2Fmedia&parent=12220"}],"curies":[{"name":"wp","href":"https:\/\/api.w.org\/{rel}","templated":true}]}}