{"id":12240,"date":"2023-10-26T11:23:21","date_gmt":"2023-10-26T09:23:21","guid":{"rendered":"https:\/\/www.schuleimerlich.de\/blog\/?page_id=12240"},"modified":"2024-04-10T20:09:02","modified_gmt":"2024-04-10T18:09:02","slug":"krankmeldung","status":"publish","type":"page","link":"https:\/\/www.schuleimerlich.de\/?page_id=12240","title":{"rendered":"Krankmeldung"},"content":{"rendered":"\n<p>Wenn Ihr Kind krank ist, rufen Sie bitte vor Unterrichtsbeginn unter folgender Nummer im Sekretariat an: <\/p>\n\n\n\n<p>Telefon: <strong>06232\/ 141760<\/strong><\/p>\n\n\n\n<p>Sollte das Sekretariat nicht besetzt sein, hinterlassen Sie unbedingt eine Nachricht auf unserem Anrufbeantworter. Nur so k\u00f6nnen wir sicherstellen, dass Ihren Kindern nichts passiert ist.<\/p>\n\n\n\n<p>Sollten Sie nicht anrufen, fehlt Ihr Kind unentschuldigt.<\/p>\n\n\n\n<p>Um die Einhaltung der schulischen Vorgaben zu gew\u00e4hrleisten, sind wir somit angehalten, weitere Schritte einzuleiten. Dies kann bedeuten, dass wir das Ordnungsamt informieren m\u00fcssen oder ein Bu\u00dfgeldverfahren einleiten m\u00fcssen.<\/p>\n\n\n\n<p><strong>Die Sicherheit Ihrer Kinder steht hierbei an erster Stelle.<\/strong> Wir bitten Sie daher eindringlich, die Entschuldigungspflicht ernst zu nehmen.<\/p>\n\n\n\n<p>Nach sp\u00e4testens 3 Tagen Krankheit m\u00fcssen die Gr\u00fcnde schriftlich dargelegt werden, deshalb fordern wir eine schriftliche Entschuldigung oder eine von der Arztpraxis ausgestellte <strong>Bescheinigung \u00fcber den Arztbesuch.<\/strong><\/p>\n\n\n\n<p>In besonderen F\u00e4llen oder wenn Ihr Kind l\u00e4nger als eine Woche erkrankt ist, kann gem\u00e4\u00df der Schulordnung (\u00a737) die Vorlage von zus\u00e4tzlichen Nachweisen (<strong>\u00c4rztliches Attest<\/strong>) verlangt werden.&nbsp;<\/p>\n","protected":false},"excerpt":{"rendered":"<p>Wenn Ihr Kind krank ist, rufen Sie bitte vor Unterrichtsbeginn unter folgender Nummer im Sekretariat an: Telefon: 06232\/ 141760 Sollte das Sekretariat nicht besetzt sein, hinterlassen Sie unbedingt eine Nachricht auf unserem Anrufbeantworter. Nur so k\u00f6nnen wir sicherstellen, dass Ihren Kindern nichts passiert ist. Sollten Sie nicht anrufen, fehlt Ihr Kind unentschuldigt. Um die Einhaltung&#8230;<\/p>\n","protected":false},"author":4,"featured_media":0,"parent":0,"menu_order":0,"comment_status":"closed","ping_status":"closed","template":"","meta":{"footnotes":""},"class_list":["post-12240","page","type-page","status-publish","hentry"],"jetpack_sharing_enabled":true,"_links":{"self":[{"href":"https:\/\/www.schuleimerlich.de\/index.php?rest_route=\/wp\/v2\/pages\/12240","targetHints":{"allow":["GET"]}}],"collection":[{"href":"https:\/\/www.schuleimerlich.de\/index.php?rest_route=\/wp\/v2\/pages"}],"about":[{"href":"https:\/\/www.schuleimerlich.de\/index.php?rest_route=\/wp\/v2\/types\/page"}],"author":[{"embeddable":true,"href":"https:\/\/www.schuleimerlich.de\/index.php?rest_route=\/wp\/v2\/users\/4"}],"replies":[{"embeddable":true,"href":"https:\/\/www.schuleimerlich.de\/index.php?rest_route=%2Fwp%2Fv2%2Fcomments&post=12240"}],"version-history":[{"count":7,"href":"https:\/\/www.schuleimerlich.de\/index.php?rest_route=\/wp\/v2\/pages\/12240\/revisions"}],"predecessor-version":[{"id":12740,"href":"https:\/\/www.schuleimerlich.de\/index.php?rest_route=\/wp\/v2\/pages\/12240\/revisions\/12740"}],"wp:attachment":[{"href":"https:\/\/www.schuleimerlich.de\/index.php?rest_route=%2Fwp%2Fv2%2Fmedia&parent=12240"}],"curies":[{"name":"wp","href":"https:\/\/api.w.org\/{rel}","templated":true}]}}