{"id":12249,"date":"2023-10-26T11:24:52","date_gmt":"2023-10-26T09:24:52","guid":{"rendered":"https:\/\/www.schuleimerlich.de\/blog\/?page_id=12249"},"modified":"2023-10-30T14:52:37","modified_gmt":"2023-10-30T13:52:37","slug":"mittagessen-mensa-max","status":"publish","type":"page","link":"https:\/\/www.schuleimerlich.de\/?page_id=12249","title":{"rendered":"Mittagessen \/ Mensa-Max"},"content":{"rendered":"\n<p>Das Mittagessen sowie eine gute Schulverpflegung geh\u00f6ren ganz selbstverst\u00e4ndlich zur Ganztagsschule. Aus diesem Grund erhalten die Sch\u00fcler*innen von unseren ehrenamtlichen brotZeit-Fr\u00fchst\u00fcckshelfer*innen t\u00e4glich ein kleines gesundes Fr\u00fchst\u00fcck. Von Montag bis Donnerstag bekommen die Sch\u00fcler*innen zus\u00e4tzlich eine ausgewogene warme Mahlzeit. (12:15 Uhr f\u00fcr die Unterstufe und 13:00 f\u00fcr die Mittelstufe). Der Beitrag hierf\u00fcr wird \u00fcber das Software-Programm MensaMax abgerechnet. Entsprechende Informationen erhalten Sie von der Schulleitung oder im Sekretariat.<\/p>\n","protected":false},"excerpt":{"rendered":"<p>Das Mittagessen sowie eine gute Schulverpflegung geh\u00f6ren ganz selbstverst\u00e4ndlich zur Ganztagsschule. Aus diesem Grund erhalten die Sch\u00fcler*innen von unseren ehrenamtlichen brotZeit-Fr\u00fchst\u00fcckshelfer*innen t\u00e4glich ein kleines gesundes Fr\u00fchst\u00fcck. Von Montag bis Donnerstag bekommen die Sch\u00fcler*innen zus\u00e4tzlich eine ausgewogene warme Mahlzeit. (12:15 Uhr f\u00fcr die Unterstufe und 13:00 f\u00fcr die Mittelstufe). Der Beitrag hierf\u00fcr wird \u00fcber das Software-Programm&#8230;<\/p>\n","protected":false},"author":4,"featured_media":0,"parent":0,"menu_order":0,"comment_status":"closed","ping_status":"closed","template":"","meta":{"footnotes":""},"class_list":["post-12249","page","type-page","status-publish","hentry"],"jetpack_sharing_enabled":true,"_links":{"self":[{"href":"https:\/\/www.schuleimerlich.de\/index.php?rest_route=\/wp\/v2\/pages\/12249","targetHints":{"allow":["GET"]}}],"collection":[{"href":"https:\/\/www.schuleimerlich.de\/index.php?rest_route=\/wp\/v2\/pages"}],"about":[{"href":"https:\/\/www.schuleimerlich.de\/index.php?rest_route=\/wp\/v2\/types\/page"}],"author":[{"embeddable":true,"href":"https:\/\/www.schuleimerlich.de\/index.php?rest_route=\/wp\/v2\/users\/4"}],"replies":[{"embeddable":true,"href":"https:\/\/www.schuleimerlich.de\/index.php?rest_route=%2Fwp%2Fv2%2Fcomments&post=12249"}],"version-history":[{"count":2,"href":"https:\/\/www.schuleimerlich.de\/index.php?rest_route=\/wp\/v2\/pages\/12249\/revisions"}],"predecessor-version":[{"id":12291,"href":"https:\/\/www.schuleimerlich.de\/index.php?rest_route=\/wp\/v2\/pages\/12249\/revisions\/12291"}],"wp:attachment":[{"href":"https:\/\/www.schuleimerlich.de\/index.php?rest_route=%2Fwp%2Fv2%2Fmedia&parent=12249"}],"curies":[{"name":"wp","href":"https:\/\/api.w.org\/{rel}","templated":true}]}}