{"id":230,"date":"2022-02-21T14:42:46","date_gmt":"2022-02-21T13:42:46","guid":{"rendered":"https:\/\/www.schuleimerlich.de\/blog\/?page_id=230"},"modified":"2025-09-26T10:58:43","modified_gmt":"2025-09-26T08:58:43","slug":"brotzeit","status":"publish","type":"page","link":"https:\/\/www.schuleimerlich.de\/?page_id=230","title":{"rendered":"Brotzeit"},"content":{"rendered":"<pre>Seit einigen Jahren werden wir vom Verein Brotzeit e.V. unterst\u00fctzt.<br \/>Informationen zum Projekt gibt es hier:\u00a0<a style=\"background-color: #ffffff;\" href=\"https:\/\/www.brotzeitfuerkinder.com\/\">brotZeit - Fr\u00fchst\u00fcck und Chancen geben<\/a><br \/><br \/>Die Idee ist, dass jedes Kind ein Fr\u00fchst\u00fcck hat. Das Projekt <br \/>An Grund- und F\u00f6rderschulen mit erh\u00f6htem F\u00f6rderbedarf werden Kinder mit einem st\u00e4rkenden Schulfr\u00fchst\u00fcck versorgt. Nur so k\u00f6nnen Kinder mit Energie in den Schultag starten.<br \/>Die Umsetzung erfolgt in Zusammenarbeit mit den BrotzeitprojektleiterInnen der Schule und freiwilligen BrotzeithelferInnen - SeniorInnen, die mit Liebe und Ausdauer jeden Tag Fr\u00fchst\u00fccksbrote schmieren, Gem\u00fcse schnippeln und dar\u00fcber hinaus mit unseren Kindern in Kontakt kommen.<br \/><br \/>Wir sind dankbar, Teil dieses Projekts zu sein!<\/pre>\n\n\n<figure class=\"wp-block-image size-full\"><img decoding=\"async\" width=\"1724\" height=\"944\" src=\"https:\/\/mlhkytgxk8k3.i.optimole.com\/w:auto\/h:auto\/q:mauto\/f:best\/https:\/\/www.schuleimerlich.de\/wp-content\/uploads\/2025\/09\/IMG_3161.jpeg\" alt=\"\" class=\"wp-image-13944\"\/><\/figure>\n\n\n\n<p class=\"has-drop-cap\"><p><\/p><\/p>\n","protected":false},"excerpt":{"rendered":"<p>Seit einigen Jahren werden wir vom Verein Brotzeit e.V. unterst\u00fctzt.Informationen zum Projekt gibt es hier:\u00a0brotZeit &#8211; Fr\u00fchst\u00fcck und Chancen gebenDie Idee ist, dass jedes Kind ein Fr\u00fchst\u00fcck hat. Das Projekt An Grund- und F\u00f6rderschulen mit erh\u00f6htem F\u00f6rderbedarf werden Kinder mit einem st\u00e4rkenden Schulfr\u00fchst\u00fcck versorgt. Nur so k\u00f6nnen Kinder mit Energie in den Schultag starten.Die Umsetzung&#8230;<\/p>\n","protected":false},"author":7,"featured_media":0,"parent":0,"menu_order":0,"comment_status":"closed","ping_status":"closed","template":"","meta":{"footnotes":""},"class_list":["post-230","page","type-page","status-publish","hentry"],"jetpack_sharing_enabled":true,"_links":{"self":[{"href":"https:\/\/www.schuleimerlich.de\/index.php?rest_route=\/wp\/v2\/pages\/230","targetHints":{"allow":["GET"]}}],"collection":[{"href":"https:\/\/www.schuleimerlich.de\/index.php?rest_route=\/wp\/v2\/pages"}],"about":[{"href":"https:\/\/www.schuleimerlich.de\/index.php?rest_route=\/wp\/v2\/types\/page"}],"author":[{"embeddable":true,"href":"https:\/\/www.schuleimerlich.de\/index.php?rest_route=\/wp\/v2\/users\/7"}],"replies":[{"embeddable":true,"href":"https:\/\/www.schuleimerlich.de\/index.php?rest_route=%2Fwp%2Fv2%2Fcomments&post=230"}],"version-history":[{"count":7,"href":"https:\/\/www.schuleimerlich.de\/index.php?rest_route=\/wp\/v2\/pages\/230\/revisions"}],"predecessor-version":[{"id":13945,"href":"https:\/\/www.schuleimerlich.de\/index.php?rest_route=\/wp\/v2\/pages\/230\/revisions\/13945"}],"wp:attachment":[{"href":"https:\/\/www.schuleimerlich.de\/index.php?rest_route=%2Fwp%2Fv2%2Fmedia&parent=230"}],"curies":[{"name":"wp","href":"https:\/\/api.w.org\/{rel}","templated":true}]}}