{"id":81,"date":"2022-02-17T20:36:17","date_gmt":"2022-02-17T19:36:17","guid":{"rendered":"https:\/\/www.schuleimerlich.de\/blog\/?page_id=81"},"modified":"2025-09-02T11:25:45","modified_gmt":"2025-09-02T09:25:45","slug":"ganztagsschule","status":"publish","type":"page","link":"https:\/\/www.schuleimerlich.de\/?page_id=81","title":{"rendered":"Ganztagsschule \/ AGs"},"content":{"rendered":"\n<p><strong>Unsere Ganztagsschule stellt ein qualitativ hochwertiges Angebot bereit, das den Kindern ein erfolgreiches Lernen erm\u00f6glicht und zugleich den unterschiedlichen Lebenskonzepten gerecht wird.<\/strong><\/p>\n\n\n\n<p><strong>Es ist ein ganzt\u00e4giges Bildungsangebot, was einen strukturierten und rhythmisierten Schulalltag bietet. Hier ist abwechslungsreiches Lernen, verl\u00e4ssliche erzieherische Begleitung und intensive F\u00f6rderung sowie umfassende Betreuung m\u00f6glich.<\/strong><\/p>\n\n\n\n<p>Das Mittagessen wird in unserer Gro\u00dfk\u00fcche im Haus t\u00e4glich frisch gekocht und durch eine abwechlungsreiche Salattheke zur Selbstbedienung erweitert.<\/p>\n\n\n\n<p>Die Schulanf\u00e4nger werden im Klassenverband betreut und erleben gemeinsam Projekte, gehen reiten, f\u00fchren Naturprojekte durch, erleben die M\u00f6glichkeiten unseres gro\u00dfen Schulgel\u00e4ndes oder in der Schulk\u00fcche.<\/p>\n\n\n\n<p>Die Mittel- und Oberstufensch\u00fclerInnen d\u00fcrfen aus verschiedenen Nachmittagsangeboten halbj\u00e4hrlich w\u00e4hlen:<\/p>\n\n\n\n<p>Nach dem Essen, einer Hofpause und einer Lernzeit, in der unter Betreuung Hausaufgaben erledigt werden, gibt es sportliche, kreative und gesellschaftliche Angebote. Von Tischtennis, Fu\u00dfball, Bewegung auf dem Schulhof \u00fcber Computer, Mofa, Fahrrad und kann man sich zum Beispiel im Sch\u00fclercaf\u00e9 treffen, basteln, backen, Spiele spielen oder die Natur erkunden. <\/p>\n\n\n\n<p><strong>Unsere Ganztagsschule\u00a0ist ein Ort zum Lernen und Leben.<\/strong><\/p>\n","protected":false},"excerpt":{"rendered":"<p>Unsere Ganztagsschule stellt ein qualitativ hochwertiges Angebot bereit, das den Kindern ein erfolgreiches Lernen erm\u00f6glicht und zugleich den unterschiedlichen Lebenskonzepten gerecht wird. Es ist ein ganzt\u00e4giges Bildungsangebot, was einen strukturierten und rhythmisierten Schulalltag bietet. Hier ist abwechslungsreiches Lernen, verl\u00e4ssliche erzieherische Begleitung und intensive F\u00f6rderung sowie umfassende Betreuung m\u00f6glich. Das Mittagessen wird in unserer Gro\u00dfk\u00fcche im&#8230;<\/p>\n","protected":false},"author":7,"featured_media":0,"parent":0,"menu_order":0,"comment_status":"closed","ping_status":"closed","template":"","meta":{"footnotes":""},"class_list":["post-81","page","type-page","status-publish","hentry"],"jetpack_sharing_enabled":true,"_links":{"self":[{"href":"https:\/\/www.schuleimerlich.de\/index.php?rest_route=\/wp\/v2\/pages\/81","targetHints":{"allow":["GET"]}}],"collection":[{"href":"https:\/\/www.schuleimerlich.de\/index.php?rest_route=\/wp\/v2\/pages"}],"about":[{"href":"https:\/\/www.schuleimerlich.de\/index.php?rest_route=\/wp\/v2\/types\/page"}],"author":[{"embeddable":true,"href":"https:\/\/www.schuleimerlich.de\/index.php?rest_route=\/wp\/v2\/users\/7"}],"replies":[{"embeddable":true,"href":"https:\/\/www.schuleimerlich.de\/index.php?rest_route=%2Fwp%2Fv2%2Fcomments&post=81"}],"version-history":[{"count":3,"href":"https:\/\/www.schuleimerlich.de\/index.php?rest_route=\/wp\/v2\/pages\/81\/revisions"}],"predecessor-version":[{"id":13836,"href":"https:\/\/www.schuleimerlich.de\/index.php?rest_route=\/wp\/v2\/pages\/81\/revisions\/13836"}],"wp:attachment":[{"href":"https:\/\/www.schuleimerlich.de\/index.php?rest_route=%2Fwp%2Fv2%2Fmedia&parent=81"}],"curies":[{"name":"wp","href":"https:\/\/api.w.org\/{rel}","templated":true}]}}